{"id":666,"date":"2021-06-13T21:41:07","date_gmt":"2021-06-13T20:41:07","guid":{"rendered":"http:\/\/arndschoeneberg.de\/magazin\/?page_id=666"},"modified":"2021-06-14T18:28:49","modified_gmt":"2021-06-14T17:28:49","slug":"lab-profile","status":"publish","type":"page","link":"http:\/\/arndschoeneberg.de\/magazin\/?page_id=666","title":{"rendered":"LAB Profile"},"content":{"rendered":"\n<p>Bei Ihrer Arbeit in der Kita und Schule steht die Entwicklung sozialer F\u00e4higkeiten bei den Kindern  im Vordergrund. &#8222;Entwicklung der Sozialkompetenzen&#8220; fordert der Lehrplan oder das Bildungsprogramm &#8211; wie aber kann ich die Ziele in der Gruppe mit Kindern umsetzen? Wi kann ich schnell erkennen, welches Kinder welche methodischen Kompetenzen bei mir als P\u00e4dagog:in abfordert? Regeln einhalten mit Konflikten umgehen, Kontakte mit anderen Kindern aufnehmen, zuh\u00f6ren und sich einf\u00fchlen. R\u00fccksicht nehmen auf andere Kinder, zusammenarbeiten, spielen und lernen?<\/p>\n\n\n\n<p>Kenntnisse \u00fcber Muster in Sprache und Verhalten, die Sei mit TRAINCO LAB Profile schnell bei Kindern erkennen und mit Ihren Kompetenzen verbinden k\u00f6nnen, helfen Ihnen , die Entwicklung der Sozialkompetenzen und das Lernverhalten der Kinder zu erfassen und dann optimal zu f\u00f6rdern!<\/p>\n\n\n\n<p>Mit dem TRAINCO LAB Profile treffen Sie Entscheidungen f\u00fcr  eine effektive Betreuung und k\u00f6nnen die Kontakte mit den Eltern optimieren!<\/p>\n\n\n\n<p>Auch Eltern wollen mit Ihren ausgepr\u00e4gten Verhaltensmustern angesprochen werden: Nur so erreichen Sie diese f\u00fcr eine optimale Elternarbeit. Mit seinen 12 Mustern, individuell ver\u00e4nderbaren Frageb\u00f6gen und \u00dcbungen f\u00fcr die verschiedenen Situationen entspricht TRAINCO LAB Profile Ihrem Berufsalltag als P\u00e4dagog:in in Kita und Schule.<\/p>\n\n\n\n<p>DAs TRAINCO LAB Profile erlernen Sie in zwei aufeinander aufbauenden Kursen.: Nach dem TRAINCO LAB Practitioner sind Sie bereits f\u00e4hig, eigene Profile durchzuf\u00fchren und arbeiten erfolgreich mit Mustern und Fragebogen in Ihrem individuellen Umfeld. Als TRIANCO LAB Profile Master k\u00f6nnen Sie komplexe Aufgaben l\u00f6sen und das TRAINCO LAB Profile auch zur TEamf\u00fcrhung, in Coaching und Beratung erfolgreich einsetzten.<\/p>\n\n\n\n<p><strong>Lernen Sie in 2 Unterrichtstagen Schnupperkurs Ihre M\u00f6glichkeiten kennen!<\/strong><\/p>\n\n\n\n<p><\/p>\n\n\n\n<p class=\"has-text-color has-luminous-vivid-amber-color\"><strong>Angebot<\/strong><\/p>\n\n\n\n<p><strong>Schnupperkurs<\/strong> (Einsteigerkurs)<br>2 Unterrichtstage \u00e0 6 Unterrichtseinheiten<br>mit Materialien, Gruppen\u00fcbungen, Einzel\u00fcbungen\u00a0<br>Versorgung mit Kaffee, Tee.\u00a0<br>Kosten:<strong> \u20ac 135 <\/strong>je Teilnehmer:in (mind. 6 TN)<br><\/p>\n\n\n\n<p>TRAINCO <strong>LAB Profile Practitioner (Zertifikat)<\/strong><br>3 Unterrichtstage \u00e0 6 Unterichtseinheiten<br>Kosten: <strong>\u20ac230<\/strong> je Teilnehmer:in (mind. 6 TN)<br>Qualifizierte Teilnahmebescheinigung (LAB Profile Pracititoner)<\/p>\n\n\n\n<p>TRAINCO <strong>LAB Profile Master (Zertifikat)<\/strong><br>2 Unterrichstage <em>aufbauend<\/em> auf LAB Practitioner \u00e0 6 Unterrichtseinheiten<br>Kosten: <strong>\u20ac250<\/strong> je Teilnehmer:in (mind. 6 TN)<br>Qualifizierte Teilnahmebescheinigung (LAB Profile Master Pracititoner)<\/p>\n\n\n\n<p><br>Refresher, Feedback und Serials (Wiederholte Anpassung von Prozessen\/ Konzepten) m\u00f6glich. Preise freibleibend.&nbsp;<\/p>\n\n\n\n<p>Ort: <em><strong>TRAINCO im IHZ<\/strong> (Seminarraum Friedrichstra\u00dfe 95, 10117 Berlin)<\/em><br><em>Sprechen&nbsp;Sie&nbsp;uns an, wenn Sie das Seminar in Ihrer Einrichtung (inhouse) anbieten m\u00f6chten.<\/em><\/p>\n\n\n\n<p class=\"has-text-color has-luminous-vivid-amber-color\"><strong>Kombinierte Angebote mit 4mat und LAB Profile m\u00f6glich!<\/strong><\/p>\n\n\n\n<p>Anmeldungen bitte \u00fcber <strong>Klaus-R. Voss<\/strong>, zertifizierter LAB Profile Trainer (siehe Seitenleiste)<\/p>\n","protected":false},"excerpt":{"rendered":"<p>Bei Ihrer Arbeit in der Kita und Schule steht die Entwicklung sozialer F\u00e4higkeiten bei den Kindern im Vordergrund. &#8222;Entwicklung der Sozialkompetenzen&#8220; fordert der Lehrplan oder das Bildungsprogramm &#8211; wie aber kann ich die Ziele in der Gruppe mit Kindern umsetzen? Wi kann ich schnell erkennen, welches Kinder welche methodischen Kompetenzen bei mir als P\u00e4dagog:in abfordert? &hellip; <\/p>\n<p class=\"link-more\"><a href=\"http:\/\/arndschoeneberg.de\/magazin\/?page_id=666\" class=\"more-link\"><span class=\"screen-reader-text\">\u201eLAB Profile\u201c <\/span>weiterlesen<\/a><\/p>\n","protected":false},"author":1,"featured_media":0,"parent":0,"menu_order":0,"comment_status":"closed","ping_status":"closed","template":"","meta":[],"_links":{"self":[{"href":"http:\/\/arndschoeneberg.de\/magazin\/index.php?rest_route=\/wp\/v2\/pages\/666"}],"collection":[{"href":"http:\/\/arndschoeneberg.de\/magazin\/index.php?rest_route=\/wp\/v2\/pages"}],"about":[{"href":"http:\/\/arndschoeneberg.de\/magazin\/index.php?rest_route=\/wp\/v2\/types\/page"}],"author":[{"embeddable":true,"href":"http:\/\/arndschoeneberg.de\/magazin\/index.php?rest_route=\/wp\/v2\/users\/1"}],"replies":[{"embeddable":true,"href":"http:\/\/arndschoeneberg.de\/magazin\/index.php?rest_route=%2Fwp%2Fv2%2Fcomments&post=666"}],"version-history":[{"count":4,"href":"http:\/\/arndschoeneberg.de\/magazin\/index.php?rest_route=\/wp\/v2\/pages\/666\/revisions"}],"predecessor-version":[{"id":672,"href":"http:\/\/arndschoeneberg.de\/magazin\/index.php?rest_route=\/wp\/v2\/pages\/666\/revisions\/672"}],"wp:attachment":[{"href":"http:\/\/arndschoeneberg.de\/magazin\/index.php?rest_route=%2Fwp%2Fv2%2Fmedia&parent=666"}],"curies":[{"name":"wp","href":"https:\/\/api.w.org\/{rel}","templated":true}]}}