{"id":415,"date":"2020-02-03T08:13:21","date_gmt":"2020-02-03T07:13:21","guid":{"rendered":"http:\/\/arndschoeneberg.de\/magazin\/?page_id=415"},"modified":"2025-07-27T13:25:21","modified_gmt":"2025-07-27T12:25:21","slug":"wo","status":"publish","type":"page","link":"http:\/\/arndschoeneberg.de\/magazin\/?page_id=415","title":{"rendered":"Wo"},"content":{"rendered":"\n<p>Aufgrund der Corona-bedingten Vorgaben und Einschr\u00e4nkungen verlegen wir unsere Kurse aus der seit vielen Jahren angestammten G\u00fcntzelstra\u00dfe in Seminarr\u00e4ume mit jeweils an die Gruppen angepasste Gr\u00f6\u00dfen nach Wilmersdorf und\/ oder Mitte.<br>Alle Seminarorte sind gut mit U- \/ S-Bahn zu erreichen.<\/p>\n\n\n\n<p><\/p>\n\n\n\n<p><\/p>\n","protected":false},"excerpt":{"rendered":"<p>Aufgrund der Corona-bedingten Vorgaben und Einschr\u00e4nkungen verlegen wir unsere Kurse aus der seit vielen Jahren angestammten G\u00fcntzelstra\u00dfe in Seminarr\u00e4ume mit jeweils an die Gruppen angepasste Gr\u00f6\u00dfen nach Wilmersdorf und\/ oder Mitte.Alle Seminarorte sind gut mit U- \/ S-Bahn zu erreichen.<\/p>\n","protected":false},"author":1,"featured_media":0,"parent":0,"menu_order":0,"comment_status":"closed","ping_status":"closed","template":"","meta":[],"_links":{"self":[{"href":"http:\/\/arndschoeneberg.de\/magazin\/index.php?rest_route=\/wp\/v2\/pages\/415"}],"collection":[{"href":"http:\/\/arndschoeneberg.de\/magazin\/index.php?rest_route=\/wp\/v2\/pages"}],"about":[{"href":"http:\/\/arndschoeneberg.de\/magazin\/index.php?rest_route=\/wp\/v2\/types\/page"}],"author":[{"embeddable":true,"href":"http:\/\/arndschoeneberg.de\/magazin\/index.php?rest_route=\/wp\/v2\/users\/1"}],"replies":[{"embeddable":true,"href":"http:\/\/arndschoeneberg.de\/magazin\/index.php?rest_route=%2Fwp%2Fv2%2Fcomments&post=415"}],"version-history":[{"count":11,"href":"http:\/\/arndschoeneberg.de\/magazin\/index.php?rest_route=\/wp\/v2\/pages\/415\/revisions"}],"predecessor-version":[{"id":868,"href":"http:\/\/arndschoeneberg.de\/magazin\/index.php?rest_route=\/wp\/v2\/pages\/415\/revisions\/868"}],"wp:attachment":[{"href":"http:\/\/arndschoeneberg.de\/magazin\/index.php?rest_route=%2Fwp%2Fv2%2Fmedia&parent=415"}],"curies":[{"name":"wp","href":"https:\/\/api.w.org\/{rel}","templated":true}]}}